{"id":109,"date":"2022-06-01T16:50:54","date_gmt":"2022-06-01T15:50:54","guid":{"rendered":"http:\/\/www.paperprime.pt\/index.php\/colibri-wp\/"},"modified":"2025-03-21T18:20:32","modified_gmt":"2025-03-21T18:20:32","slug":"colibri-wp","status":"publish","type":"page","link":"https:\/\/www.paperprime.pt\/","title":{"rendered":"Front Page"},"content":{"rendered":"<div data-colibri-id=\"109-c1\" class=\"style-206 style-local-109-c1 position-relative\">\n  <!---->\n  <div data-colibri-component=\"section\" data-colibri-id=\"109-c2\" id=\"custom\" class=\"h-section h-section-global-spacing d-flex align-items-lg-center align-items-md-center align-items-center style-236 style-local-109-c2 position-relative\">\n    <!---->\n    <!---->\n    <div class=\"h-section-grid-container h-section-boxed-container\">\n      <!---->\n      <div data-colibri-id=\"109-c3\" class=\"h-row-container gutters-row-lg-0 gutters-row-md-0 gutters-row-0 gutters-row-v-lg-0 gutters-row-v-md-0 gutters-row-v-0 style-237 style-local-109-c3 position-relative\">\n        <!---->\n        <div class=\"h-row justify-content-lg-center justify-content-md-center justify-content-center align-items-lg-center align-items-md-center align-items-center gutters-col-lg-0 gutters-col-md-0 gutters-col-0 gutters-col-v-lg-0 gutters-col-v-md-0 gutters-col-v-0\">\n          <!---->\n          <div class=\"h-column h-column-container d-flex h-col-lg-3 h-col-md-3 h-col-12 align-self-lg-center align-self-md-center align-self-center style-238-outer style-local-109-c4-outer\">\n            <div data-colibri-id=\"109-c4\" class=\"d-flex h-flex-basis h-column__inner h-px-lg-0 h-px-md-0 h-px-0 v-inner-lg-0 v-inner-md-0 v-inner-0 style-238 style-local-109-c4 position-relative\">\n              <!---->\n              <!---->\n              <div class=\"w-100 h-y-container h-column__content h-column__v-align flex-basis-100 align-self-lg-start align-self-md-start align-self-start\">\n                <!---->\n                <div data-colibri-id=\"109-c5\" class=\"d-block style-243 style-local-109-c5 position-relative h-element\">\n                  <!---->\n                  <div class=\"h-image__frame-container-outer\">\n                    <div class=\"h-image__frame-container\">\n                      <!---->\n                      <!---->\n                      <img loading=\"lazy\" decoding=\"async\" width=\"151\" height=\"147\" src=\"https:\/\/www.paperprime.pt\/wp-content\/uploads\/2022\/06\/SGS_ISO_9001_PT_round_TCL_LR.jpg\" class=\"wp-image-199 style-243-image style-local-109-c5-image\" alt=\"\" \/>\n                      <div class=\"h-image__frame h-hide-lg h-hide-md h-hide-sm style-243-frameImage style-local-109-c5-frameImage\"><\/div>\n                    <\/div>\n                  <\/div>\n                <\/div>\n              <\/div>\n            <\/div>\n          <\/div>\n          <div class=\"h-column h-column-container d-flex h-col-lg-3 h-col-md-3 h-col-12 align-self-lg-center align-self-md-center align-self-center style-239-outer style-local-109-c6-outer\">\n            <div data-colibri-id=\"109-c6\" class=\"d-flex h-flex-basis h-column__inner h-px-lg-0 h-px-md-0 h-px-0 v-inner-lg-0 v-inner-md-0 v-inner-0 style-239 style-local-109-c6 position-relative\">\n              <!---->\n              <!---->\n              <div class=\"w-100 h-y-container h-column__content h-column__v-align flex-basis-100 align-self-lg-start align-self-md-start align-self-start\">\n                <!---->\n                <div data-colibri-id=\"109-c7\" class=\"d-block style-244 style-local-109-c7 position-relative h-element\">\n                  <!---->\n                  <div class=\"h-image__frame-container-outer\">\n                    <div class=\"h-image__frame-container\">\n                      <!---->\n                      <!---->\n                      <img loading=\"lazy\" decoding=\"async\" width=\"151\" height=\"147\" src=\"https:\/\/www.paperprime.pt\/wp-content\/uploads\/2022\/06\/SGS_ISO_14001_PT_round_TCL_LR.jpg\" class=\"wp-image-197 style-244-image style-local-109-c7-image\" alt=\"\" \/>\n                      <div class=\"h-image__frame h-hide-lg h-hide-md h-hide-sm style-244-frameImage style-local-109-c7-frameImage\"><\/div>\n                    <\/div>\n                  <\/div>\n                <\/div>\n              <\/div>\n            <\/div>\n          <\/div>\n          <div class=\"h-column h-column-container d-flex h-col-lg-3 h-col-md-3 h-col-12 align-self-lg-center align-self-md-center align-self-center style-240-outer style-local-109-c8-outer\">\n            <div data-colibri-id=\"109-c8\" class=\"d-flex h-flex-basis h-column__inner h-px-lg-0 h-px-md-0 h-px-0 v-inner-lg-0 v-inner-md-0 v-inner-0 style-240 style-local-109-c8 position-relative\">\n              <!---->\n              <!---->\n              <div class=\"w-100 h-y-container h-column__content h-column__v-align flex-basis-100 align-self-lg-start align-self-md-start align-self-start\">\n                <!---->\n                <div data-colibri-id=\"109-c11\" class=\"d-block style-246 style-local-109-c11 position-relative h-element\">\n                  <!---->\n                  <div class=\"h-image__frame-container-outer\">\n                    <div class=\"h-image__frame-container\">\n                      <!---->\n                      <!---->\n                      <img decoding=\"async\" src=\"https:\/\/www.paperprime.pt\/wp-content\/uploads\/2022\/06\/cropped-FSC_C142742_Promotional_with_text_Portrait_GreenOnWhite_r_1nUD0s-201x300.jpeg\" class=\"style-246-image style-local-109-c11-image\">\n                      <div class=\"h-image__frame h-hide-lg h-hide-md h-hide-sm style-246-frameImage style-local-109-c11-frameImage\"><\/div>\n                    <\/div>\n                  <\/div>\n                <\/div>\n              <\/div>\n            <\/div>\n          <\/div>\n          <div class=\"h-column h-column-container d-flex h-col-lg-3 h-col-md-3 h-col-12 align-self-lg-center align-self-md-center align-self-center style-241-outer style-local-109-c10-outer\">\n            <div data-colibri-id=\"109-c10\" class=\"d-flex h-flex-basis h-column__inner h-px-lg-0 h-px-md-0 h-px-0 v-inner-lg-0 v-inner-md-0 v-inner-0 style-241 style-local-109-c10 position-relative\">\n              <!---->\n              <!---->\n              <div class=\"w-100 h-y-container h-column__content h-column__v-align flex-basis-100 align-self-lg-start align-self-md-start align-self-start\">\n                <!---->\n                <div data-colibri-id=\"109-c13\" class=\"d-block style-247 style-local-109-c13 position-relative h-element\">\n                  <!---->\n                  <div class=\"h-image__frame-container-outer\">\n                    <div class=\"h-image__frame-container\">\n                      <!---->\n                      <!---->\n                      <img loading=\"lazy\" decoding=\"async\" width=\"151\" height=\"151\" src=\"https:\/\/www.paperprime.pt\/wp-content\/uploads\/2022\/06\/EU-Ecolabel_logo_color_HQ-e1654102731630.jpg\" class=\"wp-image-200 style-247-image style-local-109-c13-image\" alt=\"\" \/>\n                      <div class=\"h-image__frame h-hide-lg h-hide-md h-hide-sm style-247-frameImage style-local-109-c13-frameImage\"><\/div>\n                    <\/div>\n                  <\/div>\n                <\/div>\n              <\/div>\n            <\/div>\n          <\/div>\n          <div class=\"h-column h-column-container d-flex h-col-lg-3 h-col-md-3 h-col-12 align-self-lg-center align-self-md-center align-self-center style-242-outer style-local-109-c12-outer\">\n            <div data-colibri-id=\"109-c12\" class=\"d-flex h-flex-basis h-column__inner h-ui-empty-state-container h-px-lg-0 h-px-md-0 h-px-0 v-inner-lg-0 v-inner-md-0 v-inner-0 style-242 style-local-109-c12 position-relative\">\n              <!---->\n              <!---->\n              <div class=\"w-100 h-y-container h-column__content h-column__v-align flex-basis-100\">\n                <!---->\n              <\/div>\n            <\/div>\n          <\/div>\n        <\/div>\n      <\/div>\n    <\/div>\n  <\/div>\n  <div data-colibri-component=\"section\" data-colibri-id=\"109-c18\" id=\"custom-2\" class=\"h-section h-section-global-spacing d-flex align-items-lg-center align-items-md-center align-items-center style-302 style-local-109-c18 position-relative\">\n    <!---->\n    <!---->\n    <div class=\"h-section-grid-container h-section-boxed-container\">\n      <!---->\n      <div data-colibri-id=\"109-c19\" class=\"h-row-container gutters-row-lg-2 gutters-row-md-2 gutters-row-0 gutters-row-v-lg-2 gutters-row-v-md-2 gutters-row-v-2 style-305 style-local-109-c19 position-relative\">\n        <!---->\n        <div class=\"h-row justify-content-lg-center justify-content-md-center justify-content-center align-items-lg-stretch align-items-md-stretch align-items-stretch gutters-col-lg-2 gutters-col-md-2 gutters-col-0 gutters-col-v-lg-2 gutters-col-v-md-2 gutters-col-v-2\">\n          <!---->\n          <div class=\"h-column h-column-container d-flex h-col-lg-auto h-col-md-auto h-col-auto style-306-outer style-local-109-c20-outer\">\n            <div data-colibri-id=\"109-c20\" class=\"d-flex h-flex-basis h-column__inner h-px-lg-2 h-px-md-2 h-px-2 v-inner-lg-2 v-inner-md-2 v-inner-2 style-306 style-local-109-c20 position-relative\">\n              <!---->\n              <!---->\n              <div class=\"w-100 h-y-container h-column__content h-column__v-align flex-basis-100 align-self-lg-start align-self-md-start align-self-start\">\n                <!---->\n                <div data-colibri-id=\"109-c21\" class=\"h-x-container style-309 style-local-109-c21 position-relative h-element\">\n                  <!---->\n                  <div class=\"h-x-container-inner style-dynamic-109-c21-group style-309-spacing style-local-109-c21-spacing\"><span class=\"h-link__outer style-310-outer style-local-109-c22-outer d-inline-flex h-element\"><a h-use-smooth-scroll=\"true\" href=\"https:\/\/www.google.pt\/maps\/place\/Paper+Prime+SA\/@39.6685476,-7.6687963,17z\/data=!3m1!4b1!4m5!3m4!1s0xd17fc44722f97d9:0xc993132b9f235039!8m2!3d39.6685435!4d-7.6666076?hl=pt-PT\" target=\"_blank\"  data-colibri-id=\"109-c22\" class=\"d-flex w-100 align-items-center h-link style-310 style-local-109-c22 position-relative\"><!----><span  class=\"h-svg-icon h-link__icon style-310-icon style-local-109-c22-icon\"><!--Icon by Font Awesome (https:\/\/fontawesome.com)-->\n    <svg version=\"1.1\" xmlns=\"http:\/\/www.w3.org\/2000\/svg\" xmlns:xlink=\"http:\/\/www.w3.org\/1999\/xlink\" id=\"map-marker\" viewBox=\"0 0 1049.8953 1896.0833\">\n      <path d=\"M768 640q0-106-75-181t-181-75-181 75-75 181 75 181 181 75 181-75 75-181zm256 0q0 109-33 179l-364 774q-16 33-47.5 52t-67.5 19-67.5-19-46.5-52L33 819Q0 749 0 640q0-212 150-362t362-150 362 150 150 362z\"><\/path>\n    <\/svg><\/span> <span>Estrada&nbsp;Nacional&nbsp;241&nbsp;&#8211;&nbsp;Vila&nbsp;Velha&nbsp;de&nbsp;R\u00f3d\u00e3o<\/span><\/a>\n                    <\/span>\n                  <\/div>\n                <\/div>\n              <\/div>\n            <\/div>\n          <\/div>\n          <div class=\"h-column h-column-container d-flex h-col-lg-auto h-col-md-auto h-col-auto style-308-outer style-local-109-c23-outer\">\n            <div data-colibri-id=\"109-c23\" class=\"d-flex h-flex-basis h-column__inner h-px-lg-2 h-px-md-2 h-px-2 v-inner-lg-2 v-inner-md-2 v-inner-2 style-308 style-local-109-c23 position-relative\">\n              <!---->\n              <!---->\n              <div class=\"w-100 h-y-container h-column__content h-column__v-align flex-basis-100 align-self-lg-start align-self-md-start align-self-start\">\n                <!---->\n                <div data-colibri-id=\"109-c24\" class=\"h-x-container style-311 style-local-109-c24 position-relative h-element\">\n                  <!---->\n                  <div class=\"h-x-container-inner style-dynamic-109-c24-group style-311-spacing style-local-109-c24-spacing\"><span class=\"h-link__outer style-312-outer style-local-109-c25-outer d-inline-flex h-element\"><a h-use-smooth-scroll=\"true\" href=\"https:\/\/www.livroreclamacoes.pt\/Inicio\/\" target=\"_blank\"  data-colibri-id=\"109-c25\" class=\"d-flex w-100 align-items-center h-link style-312 style-local-109-c25 position-relative\"><!----><span  class=\"h-svg-icon h-link__icon style-312-icon style-local-109-c25-icon\"><!--Icon by Icons8 Line Awesome (https:\/\/icons8.com\/line-awesome)--><svg version=\"1.1\" xmlns=\"http:\/\/www.w3.org\/2000\/svg\" xmlns:xlink=\"http:\/\/www.w3.org\/1999\/xlink\" id=\"book\" viewBox=\"0 0 512 545.5\"><path d=\"M160 112c46.716 0 87.714 15.696 96 19 8.286-3.304 49.284-19 96-19 51.633 0 102 21 102 21l10 4.5V464H283.5c-5.535 9.55-15.662 16-27.5 16s-21.965-6.45-27.5-16H48V137.5l10-4.5s50.367-21 102-21zm0 32c-35.185 0-67.71 11.04-80 15.5v258c19-6.27 46.35-14 80-14 32.912 0 62.207 8.096 80 14v-258c-16.003-5.485-49.065-15.5-80-15.5zm192 0c-30.935 0-63.997 10.015-80 15.5v258c17.793-5.904 47.088-14 80-14 33.65 0 61 7.73 80 14v-258c-12.29-4.46-44.815-15.5-80-15.5z\"><\/path><\/svg><\/span>                    <span>Livro de reclama\u00e7\u00f5es online<\/span><\/a>\n                    <\/span>\n                  <\/div>\n                <\/div>\n              <\/div>\n            <\/div>\n          <\/div>\n        <\/div>\n      <\/div>\n      <div data-colibri-id=\"109-c26\" class=\"h-row-container gutters-row-lg-2 gutters-row-md-2 gutters-row-0 gutters-row-v-lg-2 gutters-row-v-md-2 gutters-row-v-2 style-388 style-local-109-c26 position-relative\">\n        <!---->\n        <div class=\"h-row justify-content-lg-center justify-content-md-center justify-content-center align-items-lg-stretch align-items-md-stretch align-items-stretch gutters-col-lg-2 gutters-col-md-2 gutters-col-0 gutters-col-v-lg-2 gutters-col-v-md-2 gutters-col-v-2\">\n          <!---->\n          <div class=\"h-column h-column-container d-flex h-col-lg-12 h-col-md-12 h-col-12 style-389-outer style-local-109-c27-outer\">\n            <div data-colibri-id=\"109-c27\" class=\"d-flex h-flex-basis h-column__inner h-px-lg-2 h-px-md-2 h-px-2 v-inner-lg-2 v-inner-md-2 v-inner-2 style-389 style-local-109-c27 position-relative\">\n              <!---->\n              <!---->\n              <div class=\"w-100 h-y-container h-column__content h-column__v-align flex-basis-100 align-self-lg-start align-self-md-start align-self-start\">\n                <!---->\n                <div data-colibri-id=\"109-c28\" class=\"d-block style-391 style-local-109-c28 position-relative h-element\">\n                  <!---->\n                  <div class=\"h-image__frame-container-outer\">\n                    <a href=\"https:\/\/www.paperprime.pt\/wp-content\/uploads\/2022\/11\/Compete2020_PAPERPRIME.pdf\" target=\"_blank\" h-use-smooth-scroll=\"true\" class=\"image-link\">\n                      <div class=\"h-image__frame-container\">\n                        <!---->\n                        <!---->\n                        <img loading=\"lazy\" decoding=\"async\" width=\"5483\" height=\"842\" src=\"https:\/\/www.paperprime.pt\/wp-content\/uploads\/2022\/11\/cropped-Modelos-Barras-FUNDOS-v04_3logos-FEDER.png\" class=\"wp-image-867 style-391-image style-local-109-c28-image\" alt=\"\" srcset=\"https:\/\/www.paperprime.pt\/wp-content\/uploads\/2022\/11\/cropped-Modelos-Barras-FUNDOS-v04_3logos-FEDER.png 5483w, https:\/\/www.paperprime.pt\/wp-content\/uploads\/2022\/11\/cropped-Modelos-Barras-FUNDOS-v04_3logos-FEDER-300x46.png 300w, https:\/\/www.paperprime.pt\/wp-content\/uploads\/2022\/11\/cropped-Modelos-Barras-FUNDOS-v04_3logos-FEDER-1024x157.png 1024w, https:\/\/www.paperprime.pt\/wp-content\/uploads\/2022\/11\/cropped-Modelos-Barras-FUNDOS-v04_3logos-FEDER-768x118.png 768w, https:\/\/www.paperprime.pt\/wp-content\/uploads\/2022\/11\/cropped-Modelos-Barras-FUNDOS-v04_3logos-FEDER-1536x236.png 1536w, https:\/\/www.paperprime.pt\/wp-content\/uploads\/2022\/11\/cropped-Modelos-Barras-FUNDOS-v04_3logos-FEDER-2048x315.png 2048w\" sizes=\"auto, (max-width: 5483px) 100vw, 5483px\" \/>\n                        <div class=\"h-image__frame h-hide-lg h-hide-md h-hide-sm style-391-frameImage style-local-109-c28-frameImage\"><\/div>\n                      <\/div>\n                    <\/a>\n                  <\/div>\n                <\/div>\n              <\/div>\n            <\/div>\n          <\/div>\n        <\/div>\n      <\/div>\n      <div data-colibri-id=\"109-c29\" class=\"h-row-container gutters-row-lg-2 gutters-row-md-2 gutters-row-0 gutters-row-v-lg-2 gutters-row-v-md-2 gutters-row-v-2 style-392 style-local-109-c29 position-relative\">\n        <!---->\n        <div class=\"h-row justify-content-lg-center justify-content-md-center justify-content-center align-items-lg-stretch align-items-md-stretch align-items-stretch gutters-col-lg-2 gutters-col-md-2 gutters-col-0 gutters-col-v-lg-2 gutters-col-v-md-2 gutters-col-v-2\">\n          <!---->\n          <div class=\"h-column h-column-container d-flex h-col-lg-12 h-col-md-12 h-col-12 style-393-outer style-local-109-c30-outer\">\n            <div data-colibri-id=\"109-c30\" class=\"d-flex h-flex-basis h-column__inner h-px-lg-2 h-px-md-2 h-px-2 v-inner-lg-2 v-inner-md-2 v-inner-2 style-393 style-local-109-c30 position-relative\">\n              <!---->\n              <!---->\n              <div class=\"w-100 h-y-container h-column__content h-column__v-align flex-basis-100 align-self-lg-start align-self-md-start align-self-start\">\n                <!---->\n                <div data-colibri-id=\"109-c31\" class=\"d-block style-395 style-local-109-c31 position-relative h-element\">\n                  <!---->\n                  <div class=\"h-image__frame-container-outer\">\n                    <a href=\"https:\/\/www.paperprime.pt\/wp-content\/uploads\/2024\/04\/paperprime_prr_Ficha-web.pdf\" target=\"_blank\" h-use-smooth-scroll=\"true\" class=\"image-link\">\n                      <div class=\"h-image__frame-container\">\n                        <!---->\n                        <!---->\n                        <img loading=\"lazy\" decoding=\"async\" width=\"19343\" height=\"2792\" src=\"https:\/\/www.paperprime.pt\/wp-content\/uploads\/2024\/04\/paperprime_PRR_-.png\" class=\"wp-image-922 style-395-image style-local-109-c31-image\" alt=\"\" srcset=\"https:\/\/www.paperprime.pt\/wp-content\/uploads\/2024\/04\/paperprime_PRR_-.png 19343w, https:\/\/www.paperprime.pt\/wp-content\/uploads\/2024\/04\/paperprime_PRR_--300x43.png 300w, https:\/\/www.paperprime.pt\/wp-content\/uploads\/2024\/04\/paperprime_PRR_--1024x148.png 1024w, https:\/\/www.paperprime.pt\/wp-content\/uploads\/2024\/04\/paperprime_PRR_--768x111.png 768w, https:\/\/www.paperprime.pt\/wp-content\/uploads\/2024\/04\/paperprime_PRR_--1536x222.png 1536w, https:\/\/www.paperprime.pt\/wp-content\/uploads\/2024\/04\/paperprime_PRR_--2048x296.png 2048w\" sizes=\"auto, (max-width: 19343px) 100vw, 19343px\" \/>\n                        <div class=\"h-image__frame h-hide-lg h-hide-md h-hide-sm style-395-frameImage style-local-109-c31-frameImage\"><\/div>\n                      <\/div>\n                    <\/a>\n                  <\/div>\n                <\/div>\n              <\/div>\n            <\/div>\n          <\/div>\n        <\/div>\n      <\/div>\n    <\/div>\n  <\/div>\n<\/div>","protected":false},"excerpt":{"rendered":"<p>Estrada&nbsp;Nacional&nbsp;241&nbsp;&#8211;&nbsp;Vila&nbsp;Velha&nbsp;de&nbsp;R\u00f3d\u00e3o Livro de reclama\u00e7\u00f5es online<\/p>\n","protected":false},"author":1,"featured_media":0,"parent":0,"menu_order":0,"comment_status":"closed","ping_status":"closed","template":"page-templates\/homepage.php","meta":{"footnotes":""},"class_list":["post-109","page","type-page","status-publish","hentry"],"_links":{"self":[{"href":"https:\/\/www.paperprime.pt\/index.php\/wp-json\/wp\/v2\/pages\/109","targetHints":{"allow":["GET"]}}],"collection":[{"href":"https:\/\/www.paperprime.pt\/index.php\/wp-json\/wp\/v2\/pages"}],"about":[{"href":"https:\/\/www.paperprime.pt\/index.php\/wp-json\/wp\/v2\/types\/page"}],"author":[{"embeddable":true,"href":"https:\/\/www.paperprime.pt\/index.php\/wp-json\/wp\/v2\/users\/1"}],"replies":[{"embeddable":true,"href":"https:\/\/www.paperprime.pt\/index.php\/wp-json\/wp\/v2\/comments?post=109"}],"version-history":[{"count":20,"href":"https:\/\/www.paperprime.pt\/index.php\/wp-json\/wp\/v2\/pages\/109\/revisions"}],"predecessor-version":[{"id":953,"href":"https:\/\/www.paperprime.pt\/index.php\/wp-json\/wp\/v2\/pages\/109\/revisions\/953"}],"wp:attachment":[{"href":"https:\/\/www.paperprime.pt\/index.php\/wp-json\/wp\/v2\/media?parent=109"}],"curies":[{"name":"wp","href":"https:\/\/api.w.org\/{rel}","templated":true}]}}