{"id":822,"date":"2022-11-02T18:18:59","date_gmt":"2022-11-02T18:18:59","guid":{"rendered":"http:\/\/www.paperprime.pt\/?page_id=822"},"modified":"2023-11-15T10:04:50","modified_gmt":"2023-11-15T10:04:50","slug":"pessoas","status":"publish","type":"page","link":"https:\/\/www.paperprime.pt\/index.php\/pessoas\/","title":{"rendered":"Pessoas"},"content":{"rendered":"<div data-colibri-id=\"822-c1\" class=\"style-365 style-local-822-c1 position-relative\">\n  <!---->\n  <div data-colibri-component=\"section\" data-colibri-id=\"822-c2\" id=\"blog\" class=\"h-section h-section-global-spacing d-flex align-items-lg-center align-items-md-center align-items-center style-366 style-local-822-c2 position-relative\">\n    <!---->\n    <!---->\n    <div class=\"h-section-grid-container h-section-boxed-container\">\n      <div data-colibri-id=\"822-c14\" class=\"h-row-container gutters-row-lg-2 gutters-row-md-2 gutters-row-2 gutters-row-v-lg-2 gutters-row-v-md-2 gutters-row-v-2 style-380 style-local-822-c14 position-relative\">\n        <!---->\n        <div class=\"h-row justify-content-lg-center justify-content-md-center justify-content-center align-items-lg-stretch align-items-md-stretch align-items-stretch gutters-col-lg-2 gutters-col-md-2 gutters-col-2 gutters-col-v-lg-2 gutters-col-v-md-2 gutters-col-v-2\">\n          <!---->\n          <div class=\"h-column h-column-container d-flex h-col-lg-auto h-col-md-auto h-col-auto style-381-outer style-local-822-c15-outer\">\n            <div data-colibri-id=\"822-c15\" class=\"d-flex h-flex-basis h-column__inner h-px-lg-2 h-px-md-2 h-px-2 v-inner-lg-2 v-inner-md-2 v-inner-2 style-381 style-local-822-c15 position-relative\">\n              <!---->\n              <!---->\n              <div class=\"w-100 h-y-container h-column__content h-column__v-align flex-basis-100 align-self-lg-start align-self-md-start align-self-start\">\n                <!---->\n                <div data-colibri-id=\"822-c16\" class=\"h-global-transition-all h-heading style-382 style-local-822-c16 position-relative h-element\">\n                  <!---->\n                  <div class=\"h-heading__outer style-382 style-local-822-c16\">\n                    <!---->\n                    <!---->\n                    <h1 class=\"\">Ofertas de trabalho dispon\u00edveis <\/h1>\n                  <\/div>\n                <\/div>\n              <\/div>\n            <\/div>\n          <\/div>\n        <\/div>\n      <\/div>\n      <div data-colibri-id=\"822-c3\" class=\"h-row-container gutters-row-lg-0 gutters-row-md-0 gutters-row-0 gutters-row-v-lg-0 gutters-row-v-md-0 gutters-row-v-0 style-367 style-local-822-c3 position-relative\">\n        <!---->\n        <div class=\"h-row justify-content-lg-center justify-content-md-center justify-content-center align-items-lg-stretch align-items-md-stretch align-items-stretch gutters-col-lg-0 gutters-col-md-0 gutters-col-0 gutters-col-v-lg-0 gutters-col-v-md-0 gutters-col-v-0\">\n          <!---->\n          <div class=\"h-column h-column-container d-flex h-col-lg-auto h-col-md-auto h-col-auto style-368-outer style-local-822-c4-outer\">\n            <div data-colibri-id=\"822-c4\" class=\"d-flex h-flex-basis h-column__inner h-px-lg-0 h-px-md-0 h-px-0 v-inner-lg-0 v-inner-md-0 v-inner-0 style-368 style-local-822-c4 position-relative\">\n              <!---->\n              <!---->\n              <div class=\"w-100 h-y-container h-column__content h-column__v-align flex-basis-100 align-self-lg-start align-self-md-start align-self-start\">\n                <!---->\n                <div data-colibri-id=\"822-c5\" class=\"h-row-container gutters-row-lg-3 gutters-row-md-3 gutters-row-2 gutters-row-v-lg-3 gutters-row-v-md-3 gutters-row-v-3 colibri-dynamic-list style-369 style-local-822-c5 position-relative\">\n                  <!---->\n                  <div data-colibri-component=\"\" class=\"h-row justify-content-lg-start justify-content-md-start justify-content-start align-items-lg-stretch align-items-md-stretch align-items-stretch gutters-col-lg-3 gutters-col-md-3 gutters-col-2 gutters-col-v-lg-3 gutters-col-v-md-3 gutters-col-v-3 style-369-row style-local-822-c5-row\">\n                    <!---->\n        <div    class=\"h-column h-column-container d-flex h-col-lg-4 h-col-md-6 h-col-12 post-993 post type-post status-publish format-standard has-post-thumbnail hentry category-emprego masonry-item style-370-outer style-local-822-c6-outer\"  ><div   data-colibri-id=\"822-c6\" class=\"d-flex h-flex-basis h-column__inner h-px-lg-2 h-px-md-2 h-px-2 v-inner-lg-2 v-inner-md-2 v-inner-2 style-370 style-local-822-c6 h-overflow-hidden position-relative\"><!&#8212;-><!&#8212;-> <div  class=\"w-100 h-y-container h-column__content h-column__v-align flex-basis-100 align-self-lg-start align-self-md-start align-self-start\"><!&#8212;-> <div   data-href=\"https:\/\/www.paperprime.pt\/index.php\/2025\/07\/05\/gestor-de-laboratorio\/\" data-colibri-component=\"link\"  data-colibri-id=\"822-c7\" class=\"colibri-post-thumbnail colibri-post-has-thumbnail colibri-post-thumbnail-has-placeholder style-371 style-local-822-c7 h-overflow-hidden position-relative h-element\"  ><!&#8212;-><div   class=\"h-global-transition-all colibri-post-thumbnail-shortcode style-dynamic-822-c7-height\">            <a href=\"https:\/\/www.paperprime.pt\/index.php\/2025\/07\/05\/gestor-de-laboratorio\/\" title=\"Gestor de laborat\u00f3rio\">\n\t\t\t\t<img loading=\"lazy\" decoding=\"async\" width=\"2560\" height=\"2498\" src=\"https:\/\/www.paperprime.pt\/wp-content\/uploads\/2025\/07\/gestor-de-laboratorio-e-ETARI--scaled.jpg\" class=\"attachment-post-thumbnail size-post-thumbnail wp-post-image\" alt=\"\" srcset=\"https:\/\/www.paperprime.pt\/wp-content\/uploads\/2025\/07\/gestor-de-laboratorio-e-ETARI--scaled.jpg 2560w, https:\/\/www.paperprime.pt\/wp-content\/uploads\/2025\/07\/gestor-de-laboratorio-e-ETARI--300x293.jpg 300w, https:\/\/www.paperprime.pt\/wp-content\/uploads\/2025\/07\/gestor-de-laboratorio-e-ETARI--1024x999.jpg 1024w, https:\/\/www.paperprime.pt\/wp-content\/uploads\/2025\/07\/gestor-de-laboratorio-e-ETARI--768x749.jpg 768w, https:\/\/www.paperprime.pt\/wp-content\/uploads\/2025\/07\/gestor-de-laboratorio-e-ETARI--1536x1499.jpg 1536w, https:\/\/www.paperprime.pt\/wp-content\/uploads\/2025\/07\/gestor-de-laboratorio-e-ETARI--2048x1998.jpg 2048w\" sizes=\"auto, (max-width: 2560px) 100vw, 2560px\" \/>            <\/a>\n\t\t\t<\/div> <div  class=\"colibri-post-thumbnail-content align-items-lg-center align-items-md-center align-items-center flex-basis-100\"><div  class=\"w-100 h-y-container\"><!&#8212;-> <\/div><\/div><\/div><div   data-colibri-id=\"822-c8\" class=\"h-row-container gutters-row-lg-0 gutters-row-md-0 gutters-row-2 gutters-row-v-lg-0 gutters-row-v-md-0 gutters-row-v-0 style-372 style-local-822-c8 position-relative\"  ><!&#8212;-><div class=\"h-row justify-content-lg-center justify-content-md-center justify-content-center align-items-lg-stretch align-items-md-stretch align-items-stretch gutters-col-lg-0 gutters-col-md-0 gutters-col-2 gutters-col-v-lg-0 gutters-col-v-md-0 gutters-col-v-0\"><!&#8212;-> <div   class=\"h-column h-column-container d-flex h-col-lg h-col-md h-col-auto style-373-outer style-local-822-c9-outer\"  ><div  data-colibri-id=\"822-c9\" class=\"d-flex h-flex-basis h-column__inner h-px-lg-3 h-px-md-3 h-px-3 v-inner-lg-3 v-inner-md-3 v-inner-3 style-373 style-local-822-c9 position-relative\"><!&#8212;-><!&#8212;-> <div class=\"w-100 h-y-container h-column__content h-column__v-align flex-basis-100 align-self-lg-start align-self-md-start align-self-start\"><!&#8212;-> <div   data-colibri-id=\"822-c10\" class=\"h-blog-title style-375 style-local-822-c10 position-relative h-element\"  ><!&#8212;-><div  class=\"h-global-transition-all\"><a href=\"https:\/\/www.paperprime.pt\/index.php\/2025\/07\/05\/gestor-de-laboratorio\/\"><h4 class=\"colibri-word-wrap\">Gestor de laborat\u00f3rio<\/h4><\/a><\/div><\/div><div   data-colibri-id=\"822-c11\" class=\"style-377 style-local-822-c11 position-relative h-element\"  ><!&#8212;-><div  class=\"h-global-transition-all\"><div class=\"colibri-post-excerpt\">FUN\u00c7\u00c3O: \u2022 Gest\u00e3o das atividades do laborat\u00f3rio, dos recursos de monitoriza\u00e7\u00e3o e [&hellip;]<\/div><\/div><\/div><div    data-colibri-id=\"822-c12\" class=\"h-x-container style-378 style-local-822-c12 position-relative h-element\"  ><!&#8212;-><div   class=\"h-x-container-inner style-dynamic-822-c12-group\"><!&#8212;-><span   class=\"h-button__outer style-379-outer style-local-822-c13-outer d-inline-flex h-element\"    ><a  h-use-smooth-scroll=\"true\" href=\"https:\/\/www.paperprime.pt\/index.php\/2025\/07\/05\/gestor-de-laboratorio\/\"  data-colibri-id=\"822-c13\" class=\"d-flex w-100 align-items-center h-button justify-content-lg-center justify-content-md-center justify-content-center style-379 style-local-822-c13 position-relative\"><!&#8212;-><!&#8212;-> <span >Ler mais<\/span> <span  class=\"h-svg-icon h-button__icon style-379-icon style-local-822-c13-icon\"><!&#8211;Icon by Icons8 Line Awesome (https:\/\/icons8.com\/line-awesome)&#8211;><svg version=\"1.1\" xmlns=\"http:\/\/www.w3.org\/2000\/svg\" xmlns:xlink=\"http:\/\/www.w3.org\/1999\/xlink\" id=\"arrow-right\" viewBox=\"0 0 512 545.5\"><path d=\"M299.5 140.5l136 136 11 11.5-11 11.5-136 136-23-23L385 304H64v-32h321L276.5 163.5z\"><\/path><\/svg><\/span><\/a><\/span><\/div><\/div><\/div><\/div><\/div><\/div><\/div><\/div><\/div><\/div>\n      \n      \n        <div    class=\"h-column h-column-container d-flex h-col-lg-4 h-col-md-6 h-col-12 post-696 post type-post status-publish format-standard has-post-thumbnail hentry category-emprego masonry-item style-370-outer style-local-822-c6-outer\"  ><div   data-colibri-id=\"822-c6\" class=\"d-flex h-flex-basis h-column__inner h-px-lg-2 h-px-md-2 h-px-2 v-inner-lg-2 v-inner-md-2 v-inner-2 style-370 style-local-822-c6 h-overflow-hidden position-relative\"><!&#8212;-><!&#8212;-> <div  class=\"w-100 h-y-container h-column__content h-column__v-align flex-basis-100 align-self-lg-start align-self-md-start align-self-start\"><!&#8212;-> <div   data-href=\"https:\/\/www.paperprime.pt\/index.php\/2025\/04\/16\/auxiliar-de-producao\/\" data-colibri-component=\"link\"  data-colibri-id=\"822-c7\" class=\"colibri-post-thumbnail colibri-post-has-thumbnail colibri-post-thumbnail-has-placeholder style-371 style-local-822-c7 h-overflow-hidden position-relative h-element\"  ><!&#8212;-><div   class=\"h-global-transition-all colibri-post-thumbnail-shortcode style-dynamic-822-c7-height\">            <a href=\"https:\/\/www.paperprime.pt\/index.php\/2025\/04\/16\/auxiliar-de-producao\/\" title=\"Auxiliar de Produ\u00e7\u00e3o\">\n\t\t\t\t<img loading=\"lazy\" decoding=\"async\" width=\"2560\" height=\"2560\" src=\"https:\/\/www.paperprime.pt\/wp-content\/uploads\/2022\/11\/Anuncio_Emprego_Auxiliar_Producao-scaled.jpg\" class=\"attachment-post-thumbnail size-post-thumbnail wp-post-image\" alt=\"\" srcset=\"https:\/\/www.paperprime.pt\/wp-content\/uploads\/2022\/11\/Anuncio_Emprego_Auxiliar_Producao-scaled.jpg 2560w, https:\/\/www.paperprime.pt\/wp-content\/uploads\/2022\/11\/Anuncio_Emprego_Auxiliar_Producao-300x300.jpg 300w, https:\/\/www.paperprime.pt\/wp-content\/uploads\/2022\/11\/Anuncio_Emprego_Auxiliar_Producao-1024x1024.jpg 1024w, https:\/\/www.paperprime.pt\/wp-content\/uploads\/2022\/11\/Anuncio_Emprego_Auxiliar_Producao-150x150.jpg 150w, https:\/\/www.paperprime.pt\/wp-content\/uploads\/2022\/11\/Anuncio_Emprego_Auxiliar_Producao-768x768.jpg 768w, https:\/\/www.paperprime.pt\/wp-content\/uploads\/2022\/11\/Anuncio_Emprego_Auxiliar_Producao-1536x1536.jpg 1536w, https:\/\/www.paperprime.pt\/wp-content\/uploads\/2022\/11\/Anuncio_Emprego_Auxiliar_Producao-2048x2048.jpg 2048w\" sizes=\"auto, (max-width: 2560px) 100vw, 2560px\" \/>            <\/a>\n\t\t\t<\/div> <div  class=\"colibri-post-thumbnail-content align-items-lg-center align-items-md-center align-items-center flex-basis-100\"><div  class=\"w-100 h-y-container\"><!&#8212;-> <\/div><\/div><\/div><div   data-colibri-id=\"822-c8\" class=\"h-row-container gutters-row-lg-0 gutters-row-md-0 gutters-row-2 gutters-row-v-lg-0 gutters-row-v-md-0 gutters-row-v-0 style-372 style-local-822-c8 position-relative\"  ><!&#8212;-><div class=\"h-row justify-content-lg-center justify-content-md-center justify-content-center align-items-lg-stretch align-items-md-stretch align-items-stretch gutters-col-lg-0 gutters-col-md-0 gutters-col-2 gutters-col-v-lg-0 gutters-col-v-md-0 gutters-col-v-0\"><!&#8212;-> <div   class=\"h-column h-column-container d-flex h-col-lg h-col-md h-col-auto style-373-outer style-local-822-c9-outer\"  ><div  data-colibri-id=\"822-c9\" class=\"d-flex h-flex-basis h-column__inner h-px-lg-3 h-px-md-3 h-px-3 v-inner-lg-3 v-inner-md-3 v-inner-3 style-373 style-local-822-c9 position-relative\"><!&#8212;-><!&#8212;-> <div class=\"w-100 h-y-container h-column__content h-column__v-align flex-basis-100 align-self-lg-start align-self-md-start align-self-start\"><!&#8212;-> <div   data-colibri-id=\"822-c10\" class=\"h-blog-title style-375 style-local-822-c10 position-relative h-element\"  ><!&#8212;-><div  class=\"h-global-transition-all\"><a href=\"https:\/\/www.paperprime.pt\/index.php\/2025\/04\/16\/auxiliar-de-producao\/\"><h4 class=\"colibri-word-wrap\">Auxiliar de Produ\u00e7\u00e3o<\/h4><\/a><\/div><\/div><div   data-colibri-id=\"822-c11\" class=\"style-377 style-local-822-c11 position-relative h-element\"  ><!&#8212;-><div  class=\"h-global-transition-all\"><div class=\"colibri-post-excerpt\">LOCAL: Vila Velha de R\u00f3d\u00e3o FUN\u00c7\u00d5ES: &#8211; Execu\u00e7\u00e3o de tarefas manuais\/monitorizadas em [&hellip;]<\/div><\/div><\/div><div    data-colibri-id=\"822-c12\" class=\"h-x-container style-378 style-local-822-c12 position-relative h-element\"  ><!&#8212;-><div   class=\"h-x-container-inner style-dynamic-822-c12-group\"><!&#8212;-><span   class=\"h-button__outer style-379-outer style-local-822-c13-outer d-inline-flex h-element\"    ><a  h-use-smooth-scroll=\"true\" href=\"https:\/\/www.paperprime.pt\/index.php\/2025\/04\/16\/auxiliar-de-producao\/\"  data-colibri-id=\"822-c13\" class=\"d-flex w-100 align-items-center h-button justify-content-lg-center justify-content-md-center justify-content-center style-379 style-local-822-c13 position-relative\"><!&#8212;-><!&#8212;-> <span >Ler mais<\/span> <span  class=\"h-svg-icon h-button__icon style-379-icon style-local-822-c13-icon\"><!&#8211;Icon by Icons8 Line Awesome (https:\/\/icons8.com\/line-awesome)&#8211;><svg version=\"1.1\" xmlns=\"http:\/\/www.w3.org\/2000\/svg\" xmlns:xlink=\"http:\/\/www.w3.org\/1999\/xlink\" id=\"arrow-right\" viewBox=\"0 0 512 545.5\"><path d=\"M299.5 140.5l136 136 11 11.5-11 11.5-136 136-23-23L385 304H64v-32h321L276.5 163.5z\"><\/path><\/svg><\/span><\/a><\/span><\/div><\/div><\/div><\/div><\/div><\/div><\/div><\/div><\/div><\/div>\n      \n      \n        <div    class=\"h-column h-column-container d-flex h-col-lg-4 h-col-md-6 h-col-12 post-896 post type-post status-publish format-standard has-post-thumbnail hentry category-emprego masonry-item style-370-outer style-local-822-c6-outer\"  ><div   data-colibri-id=\"822-c6\" class=\"d-flex h-flex-basis h-column__inner h-px-lg-2 h-px-md-2 h-px-2 v-inner-lg-2 v-inner-md-2 v-inner-2 style-370 style-local-822-c6 h-overflow-hidden position-relative\"><!&#8212;-><!&#8212;-> <div  class=\"w-100 h-y-container h-column__content h-column__v-align flex-basis-100 align-self-lg-start align-self-md-start align-self-start\"><!&#8212;-> <div   data-href=\"https:\/\/www.paperprime.pt\/index.php\/2023\/11\/15\/responsavel-de-producao\/\" data-colibri-component=\"link\"  data-colibri-id=\"822-c7\" class=\"colibri-post-thumbnail colibri-post-has-thumbnail colibri-post-thumbnail-has-placeholder style-371 style-local-822-c7 h-overflow-hidden position-relative h-element\"  ><!&#8212;-><div   class=\"h-global-transition-all colibri-post-thumbnail-shortcode style-dynamic-822-c7-height\">            <a href=\"https:\/\/www.paperprime.pt\/index.php\/2023\/11\/15\/responsavel-de-producao\/\" title=\"Respons\u00e1vel de Produ\u00e7\u00e3o\">\n\t\t\t\t<img loading=\"lazy\" decoding=\"async\" width=\"2560\" height=\"2498\" src=\"https:\/\/www.paperprime.pt\/wp-content\/uploads\/2023\/11\/Responsavel-Producao--scaled.jpg\" class=\"attachment-post-thumbnail size-post-thumbnail wp-post-image\" alt=\"\" srcset=\"https:\/\/www.paperprime.pt\/wp-content\/uploads\/2023\/11\/Responsavel-Producao--scaled.jpg 2560w, https:\/\/www.paperprime.pt\/wp-content\/uploads\/2023\/11\/Responsavel-Producao--300x293.jpg 300w, https:\/\/www.paperprime.pt\/wp-content\/uploads\/2023\/11\/Responsavel-Producao--1024x999.jpg 1024w, https:\/\/www.paperprime.pt\/wp-content\/uploads\/2023\/11\/Responsavel-Producao--768x749.jpg 768w, https:\/\/www.paperprime.pt\/wp-content\/uploads\/2023\/11\/Responsavel-Producao--1536x1499.jpg 1536w, https:\/\/www.paperprime.pt\/wp-content\/uploads\/2023\/11\/Responsavel-Producao--2048x1998.jpg 2048w\" sizes=\"auto, (max-width: 2560px) 100vw, 2560px\" \/>            <\/a>\n\t\t\t<\/div> <div  class=\"colibri-post-thumbnail-content align-items-lg-center align-items-md-center align-items-center flex-basis-100\"><div  class=\"w-100 h-y-container\"><!&#8212;-> <\/div><\/div><\/div><div   data-colibri-id=\"822-c8\" class=\"h-row-container gutters-row-lg-0 gutters-row-md-0 gutters-row-2 gutters-row-v-lg-0 gutters-row-v-md-0 gutters-row-v-0 style-372 style-local-822-c8 position-relative\"  ><!&#8212;-><div class=\"h-row justify-content-lg-center justify-content-md-center justify-content-center align-items-lg-stretch align-items-md-stretch align-items-stretch gutters-col-lg-0 gutters-col-md-0 gutters-col-2 gutters-col-v-lg-0 gutters-col-v-md-0 gutters-col-v-0\"><!&#8212;-> <div   class=\"h-column h-column-container d-flex h-col-lg h-col-md h-col-auto style-373-outer style-local-822-c9-outer\"  ><div  data-colibri-id=\"822-c9\" class=\"d-flex h-flex-basis h-column__inner h-px-lg-3 h-px-md-3 h-px-3 v-inner-lg-3 v-inner-md-3 v-inner-3 style-373 style-local-822-c9 position-relative\"><!&#8212;-><!&#8212;-> <div class=\"w-100 h-y-container h-column__content h-column__v-align flex-basis-100 align-self-lg-start align-self-md-start align-self-start\"><!&#8212;-> <div   data-colibri-id=\"822-c10\" class=\"h-blog-title style-375 style-local-822-c10 position-relative h-element\"  ><!&#8212;-><div  class=\"h-global-transition-all\"><a href=\"https:\/\/www.paperprime.pt\/index.php\/2023\/11\/15\/responsavel-de-producao\/\"><h4 class=\"colibri-word-wrap\">Respons\u00e1vel de Produ\u00e7\u00e3o<\/h4><\/a><\/div><\/div><div   data-colibri-id=\"822-c11\" class=\"style-377 style-local-822-c11 position-relative h-element\"  ><!&#8212;-><div  class=\"h-global-transition-all\"><div class=\"colibri-post-excerpt\">FUN\u00c7\u00c3O: REQUISITOS: OFERECEMOS: Os interessados devem enviar curriculum para: recrutamento@paperprime.pt<\/div><\/div><\/div><div    data-colibri-id=\"822-c12\" class=\"h-x-container style-378 style-local-822-c12 position-relative h-element\"  ><!&#8212;-><div   class=\"h-x-container-inner style-dynamic-822-c12-group\"><!&#8212;-><span   class=\"h-button__outer style-379-outer style-local-822-c13-outer d-inline-flex h-element\"    ><a  h-use-smooth-scroll=\"true\" href=\"https:\/\/www.paperprime.pt\/index.php\/2023\/11\/15\/responsavel-de-producao\/\"  data-colibri-id=\"822-c13\" class=\"d-flex w-100 align-items-center h-button justify-content-lg-center justify-content-md-center justify-content-center style-379 style-local-822-c13 position-relative\"><!&#8212;-><!&#8212;-> <span >Ler mais<\/span> <span  class=\"h-svg-icon h-button__icon style-379-icon style-local-822-c13-icon\"><!&#8211;Icon by Icons8 Line Awesome (https:\/\/icons8.com\/line-awesome)&#8211;><svg version=\"1.1\" xmlns=\"http:\/\/www.w3.org\/2000\/svg\" xmlns:xlink=\"http:\/\/www.w3.org\/1999\/xlink\" id=\"arrow-right\" viewBox=\"0 0 512 545.5\"><path d=\"M299.5 140.5l136 136 11 11.5-11 11.5-136 136-23-23L385 304H64v-32h321L276.5 163.5z\"><\/path><\/svg><\/span><\/a><\/span><\/div><\/div><\/div><\/div><\/div><\/div><\/div><\/div><\/div><\/div>\n      \n      \n        <div    class=\"h-column h-column-container d-flex h-col-lg-4 h-col-md-6 h-col-12 post-856 post type-post status-publish format-standard has-post-thumbnail hentry category-emprego masonry-item style-370-outer style-local-822-c6-outer\"  ><div   data-colibri-id=\"822-c6\" class=\"d-flex h-flex-basis h-column__inner h-px-lg-2 h-px-md-2 h-px-2 v-inner-lg-2 v-inner-md-2 v-inner-2 style-370 style-local-822-c6 h-overflow-hidden position-relative\"><!&#8212;-><!&#8212;-> <div  class=\"w-100 h-y-container h-column__content h-column__v-align flex-basis-100 align-self-lg-start align-self-md-start align-self-start\"><!&#8212;-> <div   data-href=\"https:\/\/www.paperprime.pt\/index.php\/2022\/11\/04\/tecnico-de-manutencao\/\" data-colibri-component=\"link\"  data-colibri-id=\"822-c7\" class=\"colibri-post-thumbnail colibri-post-has-thumbnail colibri-post-thumbnail-has-placeholder style-371 style-local-822-c7 h-overflow-hidden position-relative h-element\"  ><!&#8212;-><div   class=\"h-global-transition-all colibri-post-thumbnail-shortcode style-dynamic-822-c7-height\">            <a href=\"https:\/\/www.paperprime.pt\/index.php\/2022\/11\/04\/tecnico-de-manutencao\/\" title=\"T\u00e9cnico de Manuten\u00e7\u00e3o\">\n\t\t\t\t<img loading=\"lazy\" decoding=\"async\" width=\"2560\" height=\"2507\" src=\"https:\/\/www.paperprime.pt\/wp-content\/uploads\/2022\/11\/Tecnico-de-Manutencao_PAPERPRIME-scaled.jpg\" class=\"attachment-post-thumbnail size-post-thumbnail wp-post-image\" alt=\"\" srcset=\"https:\/\/www.paperprime.pt\/wp-content\/uploads\/2022\/11\/Tecnico-de-Manutencao_PAPERPRIME-scaled.jpg 2560w, https:\/\/www.paperprime.pt\/wp-content\/uploads\/2022\/11\/Tecnico-de-Manutencao_PAPERPRIME-300x294.jpg 300w, https:\/\/www.paperprime.pt\/wp-content\/uploads\/2022\/11\/Tecnico-de-Manutencao_PAPERPRIME-1024x1003.jpg 1024w, https:\/\/www.paperprime.pt\/wp-content\/uploads\/2022\/11\/Tecnico-de-Manutencao_PAPERPRIME-768x752.jpg 768w, https:\/\/www.paperprime.pt\/wp-content\/uploads\/2022\/11\/Tecnico-de-Manutencao_PAPERPRIME-1536x1504.jpg 1536w, https:\/\/www.paperprime.pt\/wp-content\/uploads\/2022\/11\/Tecnico-de-Manutencao_PAPERPRIME-2048x2005.jpg 2048w\" sizes=\"auto, (max-width: 2560px) 100vw, 2560px\" \/>            <\/a>\n\t\t\t<\/div> <div  class=\"colibri-post-thumbnail-content align-items-lg-center align-items-md-center align-items-center flex-basis-100\"><div  class=\"w-100 h-y-container\"><!&#8212;-> <\/div><\/div><\/div><div   data-colibri-id=\"822-c8\" class=\"h-row-container gutters-row-lg-0 gutters-row-md-0 gutters-row-2 gutters-row-v-lg-0 gutters-row-v-md-0 gutters-row-v-0 style-372 style-local-822-c8 position-relative\"  ><!&#8212;-><div class=\"h-row justify-content-lg-center justify-content-md-center justify-content-center align-items-lg-stretch align-items-md-stretch align-items-stretch gutters-col-lg-0 gutters-col-md-0 gutters-col-2 gutters-col-v-lg-0 gutters-col-v-md-0 gutters-col-v-0\"><!&#8212;-> <div   class=\"h-column h-column-container d-flex h-col-lg h-col-md h-col-auto style-373-outer style-local-822-c9-outer\"  ><div  data-colibri-id=\"822-c9\" class=\"d-flex h-flex-basis h-column__inner h-px-lg-3 h-px-md-3 h-px-3 v-inner-lg-3 v-inner-md-3 v-inner-3 style-373 style-local-822-c9 position-relative\"><!&#8212;-><!&#8212;-> <div class=\"w-100 h-y-container h-column__content h-column__v-align flex-basis-100 align-self-lg-start align-self-md-start align-self-start\"><!&#8212;-> <div   data-colibri-id=\"822-c10\" class=\"h-blog-title style-375 style-local-822-c10 position-relative h-element\"  ><!&#8212;-><div  class=\"h-global-transition-all\"><a href=\"https:\/\/www.paperprime.pt\/index.php\/2022\/11\/04\/tecnico-de-manutencao\/\"><h4 class=\"colibri-word-wrap\">T\u00e9cnico de Manuten\u00e7\u00e3o<\/h4><\/a><\/div><\/div><div   data-colibri-id=\"822-c11\" class=\"style-377 style-local-822-c11 position-relative h-element\"  ><!&#8212;-><div  class=\"h-global-transition-all\"><div class=\"colibri-post-excerpt\">LOCAL: Vila Velha de R\u00f3d\u00e3o FUN\u00c7\u00d5ES:\u2022 Manter a operacionalidade dos diversos equipamentos [&hellip;]<\/div><\/div><\/div><div    data-colibri-id=\"822-c12\" class=\"h-x-container style-378 style-local-822-c12 position-relative h-element\"  ><!&#8212;-><div   class=\"h-x-container-inner style-dynamic-822-c12-group\"><!&#8212;-><span   class=\"h-button__outer style-379-outer style-local-822-c13-outer d-inline-flex h-element\"    ><a  h-use-smooth-scroll=\"true\" href=\"https:\/\/www.paperprime.pt\/index.php\/2022\/11\/04\/tecnico-de-manutencao\/\"  data-colibri-id=\"822-c13\" class=\"d-flex w-100 align-items-center h-button justify-content-lg-center justify-content-md-center justify-content-center style-379 style-local-822-c13 position-relative\"><!&#8212;-><!&#8212;-> <span >Ler mais<\/span> <span  class=\"h-svg-icon h-button__icon style-379-icon style-local-822-c13-icon\"><!&#8211;Icon by Icons8 Line Awesome (https:\/\/icons8.com\/line-awesome)&#8211;><svg version=\"1.1\" xmlns=\"http:\/\/www.w3.org\/2000\/svg\" xmlns:xlink=\"http:\/\/www.w3.org\/1999\/xlink\" id=\"arrow-right\" viewBox=\"0 0 512 545.5\"><path d=\"M299.5 140.5l136 136 11 11.5-11 11.5-136 136-23-23L385 304H64v-32h321L276.5 163.5z\"><\/path><\/svg><\/span><\/a><\/span><\/div><\/div><\/div><\/div><\/div><\/div><\/div><\/div><\/div><\/div>\n      \n      \n                    <\/div>\n                <\/div>\n              <\/div>\n            <\/div>\n          <\/div>\n        <\/div>\n      <\/div>\n    <\/div>\n  <\/div>\n<\/div>","protected":false},"excerpt":{"rendered":"<p>Ofertas de trabalho dispon\u00edveis<\/p>\n","protected":false},"author":1,"featured_media":0,"parent":0,"menu_order":0,"comment_status":"closed","ping_status":"closed","template":"page-templates\/full-width-page.php","meta":{"footnotes":""},"class_list":["post-822","page","type-page","status-publish","hentry"],"_links":{"self":[{"href":"https:\/\/www.paperprime.pt\/index.php\/wp-json\/wp\/v2\/pages\/822","targetHints":{"allow":["GET"]}}],"collection":[{"href":"https:\/\/www.paperprime.pt\/index.php\/wp-json\/wp\/v2\/pages"}],"about":[{"href":"https:\/\/www.paperprime.pt\/index.php\/wp-json\/wp\/v2\/types\/page"}],"author":[{"embeddable":true,"href":"https:\/\/www.paperprime.pt\/index.php\/wp-json\/wp\/v2\/users\/1"}],"replies":[{"embeddable":true,"href":"https:\/\/www.paperprime.pt\/index.php\/wp-json\/wp\/v2\/comments?post=822"}],"version-history":[{"count":5,"href":"https:\/\/www.paperprime.pt\/index.php\/wp-json\/wp\/v2\/pages\/822\/revisions"}],"predecessor-version":[{"id":891,"href":"https:\/\/www.paperprime.pt\/index.php\/wp-json\/wp\/v2\/pages\/822\/revisions\/891"}],"wp:attachment":[{"href":"https:\/\/www.paperprime.pt\/index.php\/wp-json\/wp\/v2\/media?parent=822"}],"curies":[{"name":"wp","href":"https:\/\/api.w.org\/{rel}","templated":true}]}}